{"id":1531,"date":"2016-10-27T13:44:06","date_gmt":"2016-10-27T11:44:30","guid":{"rendered":"https:\/\/www.fight4sight.ch\/projekte\/"},"modified":"2025-02-17T13:22:06","modified_gmt":"2025-02-17T12:22:06","slug":"projekte","status":"publish","type":"page","link":"https:\/\/www.fight4sight.ch\/en\/projekte\/","title":{"rendered":"Projects"},"content":{"rendered":"<h1 class=\"auszeichnung\">training of ophthalmologists in africa<\/h1>\n<p>The number of people affected by severe visual impairment and blindness in Africa is growing, even though most of the causes are preventable (cataracts, secondary damage due to untreated diseases such as trachoma, diabetes, glaucoma). The reason for this is that there are not enough competent, efficient, and passionate ophthalmologists available to the population. We intend to create training locations for trainee ophthalmologists in rural areas in Africa. <img loading=\"lazy\" decoding=\"async\" class=\"rounded alignleft wp-image-1486\" src=\"https:\/\/www.fight4sight.ch\/wp\/wp-content\/uploads\/augenaerzteausbildung_afrika@2x.jpg\" alt=\"Ausbildungspl\u00e4tze f\u00fcr angehende Augen\u00e4rzte in l\u00e4ndlicher Umgebung in Afrika schaffen.\" width=\"198\" height=\"164\" srcset=\"https:\/\/www.fight4sight.ch\/wp\/wp-content\/uploads\/augenaerzteausbildung_afrika@2x.jpg 396w, https:\/\/www.fight4sight.ch\/wp\/wp-content\/uploads\/augenaerzteausbildung_afrika@2x-300x248.jpg 300w\" sizes=\"auto, (max-width: 198px) 100vw, 198px\" \/>Access to remote parts of Africa is another problem that is difficult to influence, both for the provision of services and for the training of regional ophthalmologists.<\/p>\n<p>Our goal is to create training sites for trainee ophthalmologists in rural settings in Eswatini and Mozambique. The theoretical and clinical training will enable the ophthalmologists to provide ophthalmic services with the limited resources available.<\/p>\n<p>The project is a collaboration with common goals between <strong>Dr. Jonathan Pons<\/strong> (ophthalmologist), <strong>Mercy Air<\/strong> and the <strong>Fight4Sight Foundation<\/strong>.<\/p>\n<div style=\"height: 16px;\"><\/div>\n<div id=\"insight_bericht_container\">\n<div style=\"width: 200px; padding-right: 16px;\"><img loading=\"lazy\" decoding=\"async\" class=\"rounded wp-image-3183\" src=\"https:\/\/www.fight4sight.ch\/wp\/wp-content\/uploads\/thumnail_projektbeschrieb@2x.jpg\" alt=\"Insight project description:\" width=\"128\" height=\"96\" \/><\/div>\n<div style=\"width: 100%;\">\n<p><strong>Insight project description:<\/strong> Training of ophthalmologists in Eswatini and Mocambique.<\/p>\n<p><span class=\"roundedBtn\"><a href=\"https:\/\/www.fight4sight.ch\/wp\/wp-content\/uploads\/Fight4Sight_Factsheet_Insight_061123.pdf\" target=\"_blank\" rel=\"noopener noreferrer\">read PDF<\/a><\/span><\/p>\n<\/div>\n<\/div>\n<div style=\"height: 22px;\"><\/div>\n<div id=\"insight_bericht_container\">\n<div style=\"width: 200px; padding-right: 16px;\"><img loading=\"lazy\" decoding=\"async\" class=\"rounded wp-image-3185\" src=\"https:\/\/www.fight4sight.ch\/wp\/wp-content\/uploads\/thumnail_sachspenden@2x.jpg\" alt=\"Insight donations in kind\" width=\"128\" height=\"96\" \/><\/div>\n<div style=\"width: 100%;\">\n<p><strong>Insight donations in kind:<\/strong> Donated equipment and supplies.<\/p>\n<p><span class=\"roundedBtn\"><a href=\"https:\/\/www.fight4sight.ch\/wp\/wp-content\/uploads\/Fight4Sight_INSIGHT_Einsatz_Sachspenden.pdf\" target=\"_blank\" rel=\"noopener noreferrer\">Use of donations in kind<\/a><\/span><\/p>\n<p><span class=\"roundedBtn\"><a href=\"https:\/\/www.fight4sight.ch\/wp\/wp-content\/uploads\/Fight4Sight_Insight_Container_auf_Reisen.pdf\" target=\"_blank\" rel=\"noopener noreferrer\">Container on the move<\/a><\/span><\/p>\n<p><span class=\"roundedBtn\"><a href=\"https:\/\/www.fight4sight.ch\/wp\/wp-content\/uploads\/Fight4Sight_Insight_Ankunft_Container_161222.pdf\" target=\"_blank\" rel=\"noopener noreferrer\">Arrival container in Siteki<\/a><\/span><\/p>\n<\/div>\n<\/div>\n<div style=\"height: 22px;\"><\/div>\n<div id=\"insight_bericht_container\">\n<div style=\"width: 200px; padding-right: 16px;\"><img loading=\"lazy\" decoding=\"async\" class=\"rounded wp-image-3181\" src=\"https:\/\/www.fight4sight.ch\/wp\/wp-content\/uploads\/thumnail_ausbildungsberichte@2x.jpg\" alt=\"Insight education reports\" width=\"128\" height=\"96\" \/><\/div>\n<div style=\"width: 100%;\">\n<p><strong>Insight education reports:<\/strong> continuing education of supported ophthalmologists.<\/p>\n<p><span class=\"roundedBtn\"><a href=\"https:\/\/www.fight4sight.ch\/wp\/wp-content\/uploads\/Fight4Sight_INSIGHT_Ausbildungsbericht.pdf\" target=\"_blank\" rel=\"noopener noreferrer\">Dr. Emma Johl<\/a><\/span> <span class=\"roundedBtn\"><a href=\"https:\/\/www.fight4sight.ch\/wp\/wp-content\/uploads\/Fight4Sight_INSIGHT_Update_April\u2013July_100821.pdf\" target=\"_blank\" rel=\"noopener noreferrer\">PDF 2<\/a><\/span><\/p>\n<p><span class=\"roundedBtn\"><a href=\"https:\/\/www.fight4sight.ch\/wp\/wp-content\/uploads\/Fight4Sight_Insight_Report1_Arne_Pretorius.pdf\" target=\"_blank\" rel=\"noopener noreferrer\">Dr. Arne Pretorius<\/a><\/span> <span class=\"roundedBtn\"><a href=\"https:\/\/www.fight4sight.ch\/wp\/wp-content\/uploads\/Fight4Sight_Insight_Report2_Arne_Pretorius.pdf\" target=\"_blank\" rel=\"noopener noreferrer\">PDF 2<\/a><\/span><\/p>\n<p><span class=\"roundedBtn\"><a href=\"https:\/\/www.fight4sight.ch\/wp\/wp-content\/uploads\/Fight4Sight_Insight_Interim-Report_Dr_Rossouw_Els_100922.pdf\" target=\"_blank\" rel=\"noopener noreferrer\">Dr. Rossouw Els<\/a><\/span> <span class=\"roundedBtn\"><a href=\"https:\/\/www.fight4sight.ch\/wp\/wp-content\/uploads\/Fight4Sight_Insight_Rossouw_Els_221222.pdf\" target=\"_blank\" rel=\"noopener noreferrer\">PDF 2<\/a><\/span><\/p>\n<p><span class=\"roundedBtn\"><a href=\"https:\/\/www.fight4sight.ch\/wp\/wp-content\/uploads\/Fight4Sight_Insight_Interim-Report_Dr_Joshua_Cummings.pdf\" target=\"_blank\" rel=\"noopener noreferrer\">Dr. Josh Cummings<\/a><\/span><\/p>\n<\/div>\n<\/div>\n<div style=\"height: 22px;\"><\/div>\n<div id=\"insight_bericht_container\">\n<div style=\"width: 200px; padding-right: 16px;\"><img loading=\"lazy\" decoding=\"async\" class=\"rounded wp-image-3189\" src=\"https:\/\/www.fight4sight.ch\/wp\/wp-content\/uploads\/thumnail_technikerin@2x.jpg\" alt=\"Insight Continuing Education Female Technicians\" width=\"128\" height=\"96\" \/><\/div>\n<div style=\"width: 100%;\">\n<p><strong>Insight continuing education female technicians:<\/strong> Support of two female technicians.<\/p>\n<p><span class=\"roundedBtn\"><a href=\"https:\/\/www.fight4sight.ch\/wp\/wp-content\/uploads\/Fight4Sight_Eswatini_Diabetic_Eye_and_Eoot_Screening_Programme.pdf\" target=\"_blank\" rel=\"noopener noreferrer\">read PDF<\/a><\/span><\/p>\n<\/div>\n<\/div>\n<div style=\"height: 67px;\"><\/div>\n<h1 class=\"auszeichnung\">agroforestry: our latest project in uganda<\/h1>\n<p>With this forward-thinking project, the Fight4Sight Foundation is committed to assisting young people in Uganda <img loading=\"lazy\" decoding=\"async\" class=\"rounded alignleft wp-image-3671\" src=\"https:\/\/www.fight4sight.ch\/wp\/wp-content\/uploads\/f4s_agroforstwirtschaft_in_uganda_sw@2x.jpg\" alt=\"agroforestry uganda\" width=\"198\" height=\"164\" \/>in preserving their natural resources. While also providing them with a stable and secure path into the world of agriculture, specifically sustainable agroforestry.<\/p>\n<p><strong>More information coming soon<\/strong>.<\/p>\n<div style=\"clear: both;\"><\/div>\n<div style=\"height: 45px;\"><\/div>\n<h1 class=\"auszeichnung\">mobile clinic for the poorest people in tanzania<\/h1>\n<p>In Tanzania, several women still die every day as a result of pregnancy and childbirth complications &#8211; we cannot and will not accept this high mortality rate. <img loading=\"lazy\" decoding=\"async\" class=\"rounded alignleft wp-image-3964\" src=\"https:\/\/www.fight4sight.ch\/wp\/wp-content\/uploads\/mobile_klinik_video@2x.jpg\" alt=\"Mobile Klinik f\u00fcr die \u00e4rmsten Menschen in Tansania\" width=\"198\" height=\"164\" \/> The mobile clinic was set up together with the Nuru Foundation to provide mothers and babies with dignified, professional medical care, regardless of their financial situation. The clinic has been on the road every day since February 2023 and has since been able to carry out more than 1000 pregnancy checks, around 10&#8217;000 general medical consultations, 1350 laboratory tests and more than 2500 vaccinations for infants.<\/p>\n<p>Thanks to the dedicated support of the Fight4Sight Foundation, the clinic was able to be equipped with solar energy in 2024. This not only ensures reliable health care, but also the long-term self-financing of the project.<\/p>\n<p><strong>The following video gives you an insight into everyday life at the mobile clinic:<\/strong><\/p>\n<p><iframe loading=\"lazy\" title=\"YouTube video player\" src=\"https:\/\/www.youtube.com\/embed\/w56l5h5_0jQ?si=txM5DHGILXiOiOX-\" width=\"560\" height=\"315\" frameborder=\"0\" allowfullscreen=\"allowfullscreen\"><\/iframe><br \/>\n<span class=\"roundedBtn\"><a href=\"https:\/\/www.fight4sight.ch\/wp\/wp-content\/uploads\/Projektbericht_NURU_mobile-Klinik.pdf\" target=\"_blank\" rel=\"noopener noreferrer\">Read PDF<\/a><\/span><\/p>\n<div style=\"height: 45px;\"><\/div>\n<h1 class=\"auszeichnung\">restoration of health centers, benin<\/h1>\n<p>Benin is one of the poorest and least developed countries in the world. Despite democratization and economic growth, a large part of the population cannot benefit from positive development. <img loading=\"lazy\" decoding=\"async\" class=\"rounded alignleft wp-image-1484\" src=\"https:\/\/www.fight4sight.ch\/wp\/wp-content\/uploads\/helvetas_benin@2x.jpg\" alt=\"Sanierung von 12 Gesundheitszentren in Benin\" width=\"198\" height=\"164\" srcset=\"https:\/\/www.fight4sight.ch\/wp\/wp-content\/uploads\/helvetas_benin@2x.jpg 396w, https:\/\/www.fight4sight.ch\/wp\/wp-content\/uploads\/helvetas_benin@2x-300x248.jpg 300w\" sizes=\"auto, (max-width: 198px) 100vw, 198px\" \/>In the rural north, poverty is very pronounced. The most important sector of the economy is agriculture, which is practiced only for self-sufficiency. The bitterly poor region of Alibori is very dry, and a large part of the rehabilitation of 12 health centers in Benin. Population and health centers do not have access to drinking water and sanitation.<\/p>\n<p>The Fight4Sight Foundation, and Helvetas together, can now realize the restoration of 12 health centers in the region of Alibori, and provide access to clean water. At least 82,800 patients can benefit from functioning health centers.<\/p>\n<p><strong>We are happy about the partnership with Helvetas.<\/strong><\/p>\n<p><span class=\"roundedBtn\"><a href=\"https:\/\/www.helvetas.org\/en\/switzerland\/what-we-do\/where-we-work\/partner-countries\/benin\" target=\"_blank\" rel=\"noopener noreferrer\">Website<\/a><\/span> <span class=\"roundedBtn\"><a href=\"https:\/\/www.fight4sight.ch\/wp\/wp-content\/uploads\/Antrag_Sanierung-von-Gesundheitszentren_2021.pdf\" target=\"_blank\" rel=\"noopener noreferrer\">PDF 1<\/a><\/span> <span class=\"roundedBtn\"><a href=\"https:\/\/www.fight4sight.ch\/wp\/wp-content\/uploads\/Sanierung_von_Gesundheitszentren_Fortschrittsbericht_2021.pdf\" target=\"_blank\" rel=\"noopener noreferrer\">PDF 2<\/a><\/span> <span class=\"roundedBtn\"><a href=\"https:\/\/www.fight4sight.ch\/wp\/wp-content\/uploads\/Sanierung_von_Gesundheitszentren_Jahresbericht_2022.pdf\" target=\"_blank\" rel=\"noopener noreferrer\">PDF 3<\/a><\/span> <span class=\"roundedBtn\"><a href=\"https:\/\/www.fight4sight.ch\/wp\/wp-content\/uploads\/Abschlussbericht_2023_Sanierung_von_Gesundheitszentren.pdf\" target=\"_blank\" rel=\"noopener noreferrer\">PDF 4<\/a><\/span><\/p>\n<div style=\"height: 45px;\"><\/div>\n<h1 class=\"auszeichnung\">primary health care in nepal<\/h1>\n<p><strong>Health access for people in hard-to-reach mountain regions in Nepal<\/strong><\/p>\n<p>We are committed to providing access to health in hard-to-reach mountain regions in Nepal. Because they are self-sufficient, the people in these communities are dependent on as many family members as possible, being able to work in the fields.<img loading=\"lazy\" decoding=\"async\" class=\"rounded alignleft wp-image-3236\" src=\"https:\/\/www.fight4sight.ch\/wp\/wp-content\/uploads\/sambhav_nepal_2022@2x.jpg\" alt=\"Sambhav Nepal\" width=\"198\" height=\"164\" srcset=\"https:\/\/www.fight4sight.ch\/wp\/wp-content\/uploads\/sambhav_nepal_2022@2x.jpg 396w, https:\/\/www.fight4sight.ch\/wp\/wp-content\/uploads\/sambhav_nepal_2022@2x-300x248.jpg 300w\" sizes=\"auto, (max-width: 198px) 100vw, 198px\" \/> Previously, people who fell ill or had an accident needed to be transported on foot for several hours or even days to a hospital. In such cases, as a result of the absence of helpers in the fields, families risked not being able to produce enough food and later suffered from hunger. Therefore, it is often difficult for the relatives to decide whether a trip to a hospital should be determined or not. The possibility of making an initial diagnosis in so-called Health Post Labs makes the decision easier. If it is then really necessary to travel to a hospital, the off-road ambulances are used. These allow affected persons to be driven to a hospital unaccompanied, so that the relatives can continue to work in the fields, and are not additionally burdened and injured themselves. Additionally, sick or pregnant women with complications can be brought to a health center in time. Our local partner, <strong>Sambhav Nepal<\/strong>, works directly with inhabitants of the mountain villages as well as with local authorities for implementation of the project.<\/p>\n<p><strong>The Fight4Sight Foundation has been working with Sambhav Nepal since 2017. In the fields of education, health and hygiene as well as career opportunities.<\/strong><\/p>\n<p><span class=\"roundedBtn\"><a href=\"https:\/\/www.fight4sight.ch\/wp\/wp-content\/uploads\/f4s_Sambhav_Nepal_Projektbeschrieb_130923.pdf\" target=\"_blank\" rel=\"noopener noreferrer\">Read PDF<\/a><\/span><\/p>\n<p><!-- <span class=\"roundedBtn\"><a href=\"https:\/\/www.fight4sight.ch\/sambhav-nepal\/\" target=\"_self\" rel=\"noopener noreferrer\">more about our cooperation<\/a><\/span> --><\/p>\n<div style=\"height: 45px;\"><\/div>\n<h1 class=\"auszeichnung\">ong bouge<\/h1>\n<p>The social and educational program of the <strong>&#8220;Centre Bouge&#8221;<\/strong> in B\u00e9nin<img loading=\"lazy\" decoding=\"async\" class=\"rounded alignleft wp-image-1419\" src=\"https:\/\/www.fight4sight.ch\/wp\/wp-content\/uploads\/ong_bouge_sw@2x.jpg\" alt=\"ONG Bouge\" width=\"198\" height=\"164\" srcset=\"https:\/\/www.fight4sight.ch\/wp\/wp-content\/uploads\/ong_bouge_sw@2x.jpg 396w, https:\/\/www.fight4sight.ch\/wp\/wp-content\/uploads\/ong_bouge_sw@2x-300x248.jpg 300w\" sizes=\"auto, (max-width: 198px) 100vw, 198px\" \/> enables young orphans or half-orphans to receive an education which allows them to lead an independent, active professional life.<\/p>\n<p><strong>The Fight4Sight Foundation has supported the association ONG Bouge since 2016.<\/strong><\/p>\n<p><span class=\"roundedBtn\"><a href=\"http:\/\/www.bouge-ong.org\" target=\"_blank\" rel=\"noopener noreferrer\">Website<\/a><\/span><\/p>\n<div style=\"clear: both;\"><\/div>\n<div style=\"height: 45px;\"><\/div>\n<div class=\"arrowLink\"><a href=\"https:\/\/www.fight4sight.ch\/en\/projekte\/\">Get an overview of our projects and partnerships.<\/a><\/div>\n","protected":false},"excerpt":{"rendered":"<p>training of ophthalmologists in africa The number of people affected by severe visual impairment and blindness in Africa is growing, even though most of the causes are preventable (cataracts, secondary damage due to untreated diseases such as trachoma, diabetes, glaucoma). The reason for this is that there are not enough competent, efficient, and passionate ophthalmologists<a class=\"excerpt-read-more\" href=\"https:\/\/www.fight4sight.ch\/en\/projekte\/\" title=\"ReadProjects\">&#8230; Read more &raquo;<\/a><\/p>\n","protected":false},"author":1,"featured_media":0,"parent":0,"menu_order":12,"comment_status":"closed","ping_status":"closed","template":"template-project-top.php","meta":{"_acf_changed":false,"footnotes":""},"class_list":["post-1531","page","type-page","status-publish","hentry"],"acf":[],"_links":{"self":[{"href":"https:\/\/www.fight4sight.ch\/en\/wp-json\/wp\/v2\/pages\/1531","targetHints":{"allow":["GET"]}}],"collection":[{"href":"https:\/\/www.fight4sight.ch\/en\/wp-json\/wp\/v2\/pages"}],"about":[{"href":"https:\/\/www.fight4sight.ch\/en\/wp-json\/wp\/v2\/types\/page"}],"author":[{"embeddable":true,"href":"https:\/\/www.fight4sight.ch\/en\/wp-json\/wp\/v2\/users\/1"}],"replies":[{"embeddable":true,"href":"https:\/\/www.fight4sight.ch\/en\/wp-json\/wp\/v2\/comments?post=1531"}],"version-history":[{"count":45,"href":"https:\/\/www.fight4sight.ch\/en\/wp-json\/wp\/v2\/pages\/1531\/revisions"}],"predecessor-version":[{"id":6003,"href":"https:\/\/www.fight4sight.ch\/en\/wp-json\/wp\/v2\/pages\/1531\/revisions\/6003"}],"wp:attachment":[{"href":"https:\/\/www.fight4sight.ch\/en\/wp-json\/wp\/v2\/media?parent=1531"}],"curies":[{"name":"wp","href":"https:\/\/api.w.org\/{rel}","templated":true}]}}