{"id":1577,"date":"2016-10-27T13:45:50","date_gmt":"2016-10-27T11:45:32","guid":{"rendered":"https:\/\/www.fight4sight.ch\/jetzt-spenden\/goenner\/"},"modified":"2023-12-19T08:59:23","modified_gmt":"2023-12-19T07:59:23","slug":"patron","status":"publish","type":"page","link":"https:\/\/www.fight4sight.ch\/en\/donate-now\/patron\/","title":{"rendered":"patron"},"content":{"rendered":"<p>The following people and institutions have generously considered us.<\/p>\n<ul>\n<li>Augenarztpraxis Aare AG<\/li>\n<li>Berner Augenklinik AG<\/li>\n<li>Swiss Eye Institute AG<\/li>\n<li>Wyss Medical Foundation<\/li>\n<\/ul>\n<ul>\n<li>Jacqueline Balmer<\/li>\n<li>Kathrin B\u00e4rtschi-Schmutz<\/li>\n<li>Dr. Irina Bleuel<\/li>\n<li>Robert Brauer<\/li>\n<li>Dr. Diego Domig<\/li>\n<li>Dr. Susanne Fr\u00f6hlich<\/li>\n<li>Dr. Angelika Hagmann<\/li>\n<li>Dres. Debora und Philipp Huber<\/li>\n<li>Dr. Andrea Inderm\u00fchle<\/li>\n<li>Dr. Shahrokh Jalali<\/li>\n<li>Angelika Klemenz<\/li>\n<li>Natalie Reichen<\/li>\n<li>Dr. Kaspar Rohrer<\/li>\n<li>Dr. Regula Salzgeber<\/li>\n<li>Willy Spielmann<\/li>\n<li>Dr. Peter Traine<\/li>\n<li>Therese Wechsler Storm<\/li>\n<li>Dr. Maria Wegmann Burns<\/li>\n<\/ul>\n","protected":false},"excerpt":{"rendered":"<p>The following people and institutions have generously considered us. Augenarztpraxis Aare AG Berner Augenklinik AG Swiss Eye Institute AG Wyss Medical Foundation Jacqueline Balmer Kathrin B\u00e4rtschi-Schmutz Dr. Irina Bleuel Robert Brauer Dr. Diego Domig Dr. Susanne Fr\u00f6hlich Dr. Angelika Hagmann Dres. Debora und Philipp Huber Dr. Andrea Inderm\u00fchle Dr. Shahrokh Jalali Angelika Klemenz Natalie Reichen<a class=\"excerpt-read-more\" href=\"https:\/\/www.fight4sight.ch\/en\/donate-now\/patron\/\" title=\"Readpatron\">&#8230; Read more &raquo;<\/a><\/p>\n","protected":false},"author":1,"featured_media":0,"parent":1565,"menu_order":4,"comment_status":"closed","ping_status":"closed","template":"template-full-width.php","meta":{"_acf_changed":false,"footnotes":""},"class_list":["post-1577","page","type-page","status-publish","hentry"],"acf":[],"_links":{"self":[{"href":"https:\/\/www.fight4sight.ch\/en\/wp-json\/wp\/v2\/pages\/1577","targetHints":{"allow":["GET"]}}],"collection":[{"href":"https:\/\/www.fight4sight.ch\/en\/wp-json\/wp\/v2\/pages"}],"about":[{"href":"https:\/\/www.fight4sight.ch\/en\/wp-json\/wp\/v2\/types\/page"}],"author":[{"embeddable":true,"href":"https:\/\/www.fight4sight.ch\/en\/wp-json\/wp\/v2\/users\/1"}],"replies":[{"embeddable":true,"href":"https:\/\/www.fight4sight.ch\/en\/wp-json\/wp\/v2\/comments?post=1577"}],"version-history":[{"count":10,"href":"https:\/\/www.fight4sight.ch\/en\/wp-json\/wp\/v2\/pages\/1577\/revisions"}],"predecessor-version":[{"id":3984,"href":"https:\/\/www.fight4sight.ch\/en\/wp-json\/wp\/v2\/pages\/1577\/revisions\/3984"}],"up":[{"embeddable":true,"href":"https:\/\/www.fight4sight.ch\/en\/wp-json\/wp\/v2\/pages\/1565"}],"wp:attachment":[{"href":"https:\/\/www.fight4sight.ch\/en\/wp-json\/wp\/v2\/media?parent=1577"}],"curies":[{"name":"wp","href":"https:\/\/api.w.org\/{rel}","templated":true}]}}